{"id":455,"date":"2019-10-09T02:01:15","date_gmt":"2019-10-08T19:01:15","guid":{"rendered":"https:\/\/el7.thembaydev.com\/besa\/?post_type=product&#038;p=455"},"modified":"2024-12-07T02:45:52","modified_gmt":"2024-12-07T02:45:52","slug":"ban-laptop-nhatvywood-nvlp05","status":"publish","type":"product","link":"https:\/\/8272.matbao.website\/index.php\/product\/ban-laptop-nhatvywood-nvlp05\/","title":{"rendered":"B\u00e0n laptop Nhatvywood NVLP05"},"content":{"rendered":"\t\t<div data-elementor-type=\"wp-post\" data-elementor-id=\"455\" class=\"elementor elementor-455\">\n\t\t\t\t\t\t<section class=\"elementor-section elementor-top-section elementor-element elementor-element-88f22ce elementor-section-boxed elementor-section-height-default elementor-section-height-default\" data-id=\"88f22ce\" data-element_type=\"section\">\n\t\t\t\t\t\t<div class=\"elementor-container elementor-column-gap-no\">\n\t\t\t\t\t<div class=\"elementor-column elementor-col-100 elementor-top-column elementor-element elementor-element-bd71d58\" data-id=\"bd71d58\" data-element_type=\"column\">\n\t\t\t<div class=\"elementor-widget-wrap elementor-element-populated\">\n\t\t\t\t\t\t<div class=\"elementor-element elementor-element-a1e2eb2 elementor-widget elementor-widget-text-editor\" data-id=\"a1e2eb2\" data-element_type=\"widget\" data-widget_type=\"text-editor.default\">\n\t\t\t\t<div class=\"elementor-widget-container\">\n\t\t\t\t\t\t\t<p><span>Ng\u00e0y nay m\u00e1y t\u00ednh x\u00e1ch tay (laptop) c\u00f3 vai tr\u00f2 r\u1ea5t quan tr\u1ecdng trong vi\u1ec7c x\u1eed l\u00fd c\u00f4ng vi\u1ec7c, h\u1ed7 tr\u1ee3 h\u1ecdc t\u1eadp hay gi\u1ea3i tr\u00ed nh\u01b0 xem phim, ch\u01a1i game. Tuy nhi\u00ean, c\u00f3 r\u1ea5t nhi\u1ec1u v\u1ea5n \u0111\u1ec1 \u1ea3nh h\u01b0\u1edfng \u0111\u1ebfn s\u1ee9c kh\u1ecfe m\u00e0 ng\u01b0\u1eddi d\u00f9ng m\u00e1y t\u00ednh lu\u00f4n g\u1eb7p ph\u1ea3i nh\u01b0 c\u0103ng th\u1eb3ng, \u0111au vai, \u0111au c\u1ed5, \u0111au g\u00e1y, l\u00e2u d\u00e0i s\u1ebd d\u1eabn \u0111\u1ebfn ph\u00e1t tri\u1ec3n ch\u1ee9ng \u0111au c\u01a1 c\u1ed5, t\u1ec7 h\u01a1n l\u00e0 vi\u00eam \u0111\u0129a \u0111\u1ec7m \u0111\u1ed1t s\u1ed1ng c\u1ed5. B\u00ean c\u1ea1nh \u0111\u00f3, ng\u01b0\u1eddi d\u00f9ng m\u00e1y t\u00ednh c\u00f3 th\u1ec3 b\u1ecb \u0111au vai, \u0111au l\u01b0ng, m\u1ec7t m\u1ecfi v\u00e0 m\u1edd m\u1eaft, t\u00ecnh tr\u1ea1ng n\u00e0y s\u1ebd nghi\u00eam tr\u1ecdng h\u01a1n n\u1ebfu kh\u00f4ng c\u00f3 s\u1ef1 thay \u0111\u1ed5i.<\/span><\/p><p><span>Thi\u1ebft k\u1ebf t\u1ed1i \u01b0u, t\u1ea1o g\u00f3c nh\u00ecn t\u1ed1t v\u00e0 l\u00e0m vi\u1ec7c tho\u1ea3i m\u00e1i<\/span><\/p><p><span>B\u1ea3o v\u1ec7 m\u1eaft, c\u1ed9t s\u1ed1ng, \u0111\u1ed1t s\u1ed1ng c\u1ed5<\/span><\/p>\t\t\t\t\t\t<\/div>\n\t\t\t\t<\/div>\n\t\t\t\t\t<\/div>\n\t\t<\/div>\n\t\t\t\t\t<\/div>\n\t\t<\/section>\n\t\t\t\t<section class=\"elementor-section elementor-top-section elementor-element elementor-element-8cbe5d4 elementor-section-boxed elementor-section-height-default elementor-section-height-default\" data-id=\"8cbe5d4\" data-element_type=\"section\">\n\t\t\t\t\t\t<div class=\"elementor-container elementor-column-gap-default\">\n\t\t\t\t\t<div class=\"elementor-column elementor-col-50 elementor-top-column elementor-element elementor-element-8d6e8f6\" data-id=\"8d6e8f6\" data-element_type=\"column\">\n\t\t\t<div class=\"elementor-widget-wrap elementor-element-populated\">\n\t\t\t\t\t\t<div class=\"elementor-element elementor-element-d754bdf elementor-widget elementor-widget-image\" data-id=\"d754bdf\" data-element_type=\"widget\" data-widget_type=\"image.default\">\n\t\t\t\t<div class=\"elementor-widget-container\">\n\t\t\t\t\t\t\t\t\t\t\t\t\t<img fetchpriority=\"high\" decoding=\"async\" width=\"660\" height=\"660\" src=\"https:\/\/8272.matbao.website\/wp-content\/uploads\/2019\/10\/product-64.jpg\" class=\"attachment-large size-large wp-image-460\" alt=\"\" \/>\t\t\t\t\t\t\t\t\t\t\t\t\t<\/div>\n\t\t\t\t<\/div>\n\t\t\t\t\t<\/div>\n\t\t<\/div>\n\t\t\t\t<div class=\"elementor-column elementor-col-50 elementor-top-column elementor-element elementor-element-a3dccea\" data-id=\"a3dccea\" data-element_type=\"column\">\n\t\t\t<div class=\"elementor-widget-wrap elementor-element-populated\">\n\t\t\t\t\t\t<div class=\"elementor-element elementor-element-98c9758 elementor-widget elementor-widget-image\" data-id=\"98c9758\" data-element_type=\"widget\" data-widget_type=\"image.default\">\n\t\t\t\t<div class=\"elementor-widget-container\">\n\t\t\t\t\t\t\t\t\t\t\t\t\t<img decoding=\"async\" width=\"660\" height=\"660\" src=\"https:\/\/8272.matbao.website\/wp-content\/uploads\/2019\/10\/product-61.jpg\" class=\"attachment-large size-large wp-image-457\" alt=\"\" \/>\t\t\t\t\t\t\t\t\t\t\t\t\t<\/div>\n\t\t\t\t<\/div>\n\t\t\t\t\t<\/div>\n\t\t<\/div>\n\t\t\t\t\t<\/div>\n\t\t<\/section>\n\t\t\t\t<section class=\"elementor-section elementor-top-section elementor-element elementor-element-7e8cd09 elementor-section-boxed elementor-section-height-default elementor-section-height-default\" data-id=\"7e8cd09\" data-element_type=\"section\">\n\t\t\t\t\t\t<div class=\"elementor-container elementor-column-gap-no\">\n\t\t\t\t\t<div class=\"elementor-column elementor-col-100 elementor-top-column elementor-element elementor-element-c8c0bf1\" data-id=\"c8c0bf1\" data-element_type=\"column\">\n\t\t\t<div class=\"elementor-widget-wrap elementor-element-populated\">\n\t\t\t\t\t\t<div class=\"elementor-element elementor-element-ec5e56b elementor-widget elementor-widget-text-editor\" data-id=\"ec5e56b\" data-element_type=\"widget\" data-widget_type=\"text-editor.default\">\n\t\t\t\t<div class=\"elementor-widget-container\">\n\t\t\t\t\t\t\t<p><span>\u0110\u01b0\u1ee3c l\u00e0m b\u1eb1ng g\u1ed7 t\u1ef1 nhi\u00ean . <\/span><span>S\u1ea3n xu\u1ea5t t\u1ea1i Vi\u1ec7t Nam<\/span><\/p>\t\t\t\t\t\t<\/div>\n\t\t\t\t<\/div>\n\t\t\t\t\t<\/div>\n\t\t<\/div>\n\t\t\t\t\t<\/div>\n\t\t<\/section>\n\t\t\t\t<\/div>\n\t\t","protected":false},"excerpt":{"rendered":"<ul>\n<li><span><span>Thi\u1ebft k\u1ebf ch\u1eafc ch\u1eafn<\/span><\/span><\/li>\n<li><span><span>\u0110\u01b0\u1ee3c l\u00e0m b\u1eb1ng g\u1ed7 t\u1ef1 nhi\u00ean<\/span><\/span><\/li>\n<li><span><span>S\u1ea3n xu\u1ea5t t\u1ea1i Vi\u1ec7t Nam<\/span><\/span><\/li>\n<\/ul>\n","protected":false},"featured_media":457,"comment_status":"open","ping_status":"closed","template":"","meta":[],"product_cat":[52],"product_tag":[162,74],"class_list":{"0":"post-455","1":"product","2":"type-product","3":"status-publish","4":"has-post-thumbnail","6":"product_cat-phu-kien-dien-thoai","7":"product_tag-ban","8":"product_tag-laptop","11":"instock","12":"shipping-taxable","13":"purchasable","14":"product-type-simple"},"_links":{"self":[{"href":"https:\/\/8272.matbao.website\/index.php\/wp-json\/wp\/v2\/product\/455"}],"collection":[{"href":"https:\/\/8272.matbao.website\/index.php\/wp-json\/wp\/v2\/product"}],"about":[{"href":"https:\/\/8272.matbao.website\/index.php\/wp-json\/wp\/v2\/types\/product"}],"replies":[{"embeddable":true,"href":"https:\/\/8272.matbao.website\/index.php\/wp-json\/wp\/v2\/comments?post=455"}],"version-history":[{"count":5,"href":"https:\/\/8272.matbao.website\/index.php\/wp-json\/wp\/v2\/product\/455\/revisions"}],"predecessor-version":[{"id":10869,"href":"https:\/\/8272.matbao.website\/index.php\/wp-json\/wp\/v2\/product\/455\/revisions\/10869"}],"wp:featuredmedia":[{"embeddable":true,"href":"https:\/\/8272.matbao.website\/index.php\/wp-json\/wp\/v2\/media\/457"}],"wp:attachment":[{"href":"https:\/\/8272.matbao.website\/index.php\/wp-json\/wp\/v2\/media?parent=455"}],"wp:term":[{"taxonomy":"product_cat","embeddable":true,"href":"https:\/\/8272.matbao.website\/index.php\/wp-json\/wp\/v2\/product_cat?post=455"},{"taxonomy":"product_tag","embeddable":true,"href":"https:\/\/8272.matbao.website\/index.php\/wp-json\/wp\/v2\/product_tag?post=455"}],"curies":[{"name":"wp","href":"https:\/\/api.w.org\/{rel}","templated":true}]}}