{"id":36,"date":"2019-10-07T02:29:29","date_gmt":"2019-10-06T19:29:29","guid":{"rendered":"https:\/\/el7.thembaydev.com\/besa\/?post_type=product&#038;p=36"},"modified":"2024-12-07T04:40:51","modified_gmt":"2024-12-07T04:40:51","slug":"dien-thoai-samsung-galexy-note-9-plus","status":"publish","type":"product","link":"https:\/\/8272.matbao.website\/index.php\/product\/dien-thoai-samsung-galexy-note-9-plus\/","title":{"rendered":"\u0110i\u1ec7n tho\u1ea1i Samsung Galexy Note 9 Plus"},"content":{"rendered":"\t\t<div data-elementor-type=\"wp-post\" data-elementor-id=\"36\" class=\"elementor elementor-36\">\n\t\t\t\t\t\t<section class=\"elementor-section elementor-top-section elementor-element elementor-element-2dde57d elementor-section-boxed elementor-section-height-default elementor-section-height-default\" data-id=\"2dde57d\" data-element_type=\"section\">\n\t\t\t\t\t\t<div class=\"elementor-container elementor-column-gap-no\">\n\t\t\t\t\t<div class=\"elementor-column elementor-col-100 elementor-top-column elementor-element elementor-element-6b733ff\" data-id=\"6b733ff\" data-element_type=\"column\">\n\t\t\t<div class=\"elementor-widget-wrap elementor-element-populated\">\n\t\t\t\t\t\t<div class=\"elementor-element elementor-element-56d1142 elementor-widget elementor-widget-text-editor\" data-id=\"56d1142\" data-element_type=\"widget\" data-widget_type=\"text-editor.default\">\n\t\t\t\t<div class=\"elementor-widget-container\">\n\t\t\t\t\t\t\t<p><span>Samsung galaxy note 9 \u0111\u00e3 khi\u1ebfn m\u1ecdi ng\u01b0\u1eddi ph\u1ea3i tr\u1ea7m tr\u1ed3 khi ch\u00ednh th\u1ee9c ra m\u1eaft. D\u00f2ng s\u1ea3n ph\u1ea9m m\u1edbi sau bao ng\u00e0y ch\u1edd \u0111\u1ee3i. \u0110\u00f3 ch\u00ednh l\u00e0 si\u00eau ph\u1ea9m Samsung Galaxy Note 9. \u0110\u00e1p l\u1ea1i s\u1ef1 mong \u0111\u1ee3i c\u1ee7a c\u00e1c t\u00edn \u0111\u1ed3 c\u00f4ng ngh\u1ec7. Galaxy Note 9 th\u1ef1c s\u1ef1 l\u00e0 m\u1ed9t tuy\u1ec7t t\u00e1c \u0111\u00e1ng \u0111\u1ec3 tr\u1ea3i nghi\u1ec7m. V\u00e0 s\u1edf h\u1eefu thi\u1ebft k\u1ebf tinh t\u1ebf, sang tr\u1ecdng c\u0169ng nh\u01b0 ti\u1ec7n \u00edch tuy\u1ec7t v\u1eddi m\u00e0 n\u00f3 mang l\u1ea1i. Msmobile s\u1ebd \u0111\u00e1nh gi\u00e1 chi ti\u1ebft Samsung Galaxy Note 9. \u0110\u1ec3 mang \u0111\u1ebfn cho ng\u01b0\u1eddi d\u00f9ng c\u00e1i nh\u00ecn ch\u00e2n th\u1ef1c nh\u1ea5t v\u1ec1 s\u1ea3n ph\u1ea9m cao c\u1ea5p n\u00e0y.<\/span><\/p><p><span>Samsung Galaxy Note 9 h\u1ee9a h\u1eb9n s\u1ebd mang \u0111\u1ebfn s\u1ee9c m\u1ea1nh x\u1eed l\u00fd m\u1ea1nh m\u1ebd. Khi \u0111\u01b0\u1ee3c trang b\u1ecb chip Snapdragon 845 cho th\u1ecb tr\u01b0\u1eddng M\u1ef9 v\u00e0 Exynos 9810. \u0110\u1ed1i v\u1edbi s\u1ea3n ph\u1ea9m t\u1ea1i th\u1ecb tr\u01b0\u1eddng Ch\u00e2u \u00c1 ho\u1eb7c t\u1ea1i Vi\u1ec7t Nam. Ngo\u00e0i ra, Samsung \u0111\u00e3 t\u00f9y ch\u1ec9nh GPU \u0111\u1ec3 t\u1ed1i \u01b0u cho c\u00e1c t\u00e1c v\u1ee5 n\u1eb7ng nh\u01b0 ch\u01a1i game. \u0110a nhi\u1ec7m nhi\u1ec1u c\u1eeda s\u1ed5. Ngo\u00e0i ra, Note 9 c\u00f2n \u0111\u01b0\u1ee3c trang b\u1ecb h\u1ec7 th\u1ed1ng t\u1ea3n nhi\u1ec7t b\u1eb1ng ch\u1ea5t l\u1ecfng m\u1edbi gi\u00fap ng\u01b0\u1eddi d\u00f9ng kh\u00f4ng c\u00f2n ph\u1ea3i lo l\u1eafng v\u1ec1 t\u00ecnh tr\u1ea1ng qu\u00e1 nhi\u1ec7t. \u1ea2nh h\u01b0\u1edfng \u0111\u1ebfn hi\u1ec7u n\u0103ng v\u00e0 tu\u1ed5i th\u1ecd c\u1ee7a linh ki\u1ec7n. B\u00ean c\u1ea1nh c\u1ea5u h\u00ecnh m\u1ea1nh m\u1ebd h\u01a1n, Note9 c\u00f2n cung c\u1ea5p kh\u00f4ng gian l\u01b0u tr\u1eef c\u1ef1c l\u1edbn v\u1edbi t\u00f9y ch\u1ecdn b\u1ed9 nh\u1edb trong 512 GB. L\u1edbn h\u01a1n nhi\u1ec1u so v\u1edbi phi\u00ean b\u1ea3n b\u1ed9 nh\u1edb 256 GB c\u1ee7a Note 8.<\/span><\/p>\t\t\t\t\t\t<\/div>\n\t\t\t\t<\/div>\n\t\t\t\t<section class=\"elementor-section elementor-inner-section elementor-element elementor-element-064f1bc elementor-section-boxed elementor-section-height-default elementor-section-height-default\" data-id=\"064f1bc\" data-element_type=\"section\">\n\t\t\t\t\t\t<div class=\"elementor-container elementor-column-gap-default\">\n\t\t\t\t\t<div class=\"elementor-column elementor-col-50 elementor-inner-column elementor-element elementor-element-a4520a4\" data-id=\"a4520a4\" data-element_type=\"column\">\n\t\t\t<div class=\"elementor-widget-wrap elementor-element-populated\">\n\t\t\t\t\t\t<div class=\"elementor-element elementor-element-888ae53 elementor-widget elementor-widget-image\" data-id=\"888ae53\" data-element_type=\"widget\" data-widget_type=\"image.default\">\n\t\t\t\t<div class=\"elementor-widget-container\">\n\t\t\t\t\t\t\t\t\t\t\t\t\t<img fetchpriority=\"high\" decoding=\"async\" width=\"1000\" height=\"1000\" src=\"https:\/\/8272.matbao.website\/wp-content\/uploads\/2019\/10\/product-07.jpg\" class=\"attachment-full size-full wp-image-221\" alt=\"\" \/>\t\t\t\t\t\t\t\t\t\t\t\t\t<\/div>\n\t\t\t\t<\/div>\n\t\t\t\t\t<\/div>\n\t\t<\/div>\n\t\t\t\t<div class=\"elementor-column elementor-col-50 elementor-inner-column elementor-element elementor-element-b5b5622\" data-id=\"b5b5622\" data-element_type=\"column\">\n\t\t\t<div class=\"elementor-widget-wrap elementor-element-populated\">\n\t\t\t\t\t\t<div class=\"elementor-element elementor-element-32010a1 elementor-widget elementor-widget-image\" data-id=\"32010a1\" data-element_type=\"widget\" data-widget_type=\"image.default\">\n\t\t\t\t<div class=\"elementor-widget-container\">\n\t\t\t\t\t\t\t\t\t\t\t\t\t<img decoding=\"async\" width=\"1000\" height=\"1000\" src=\"https:\/\/8272.matbao.website\/wp-content\/uploads\/2019\/10\/product-08.jpg\" class=\"attachment-full size-full wp-image-222\" alt=\"\" \/>\t\t\t\t\t\t\t\t\t\t\t\t\t<\/div>\n\t\t\t\t<\/div>\n\t\t\t\t\t<\/div>\n\t\t<\/div>\n\t\t\t\t\t<\/div>\n\t\t<\/section>\n\t\t\t\t<div class=\"elementor-element elementor-element-80e0b48 elementor-widget elementor-widget-text-editor\" data-id=\"80e0b48\" data-element_type=\"widget\" data-widget_type=\"text-editor.default\">\n\t\t\t\t<div class=\"elementor-widget-container\">\n\t\t\t\t\t\t\t<p><span>Samsung galaxy note 9 \u0111\u00e3 khi\u1ebfn m\u1ecdi ng\u01b0\u1eddi ph\u1ea3i tr\u1ea7m tr\u1ed3 khi ch\u00ednh th\u1ee9c ra m\u1eaft. D\u00f2ng s\u1ea3n ph\u1ea9m m\u1edbi sau bao ng\u00e0y ch\u1edd \u0111\u1ee3i. \u0110\u00f3 ch\u00ednh l\u00e0 si\u00eau ph\u1ea9m Samsung Galaxy Note 9. \u0110\u00e1p l\u1ea1i s\u1ef1 mong \u0111\u1ee3i c\u1ee7a c\u00e1c t\u00edn \u0111\u1ed3 c\u00f4ng ngh\u1ec7. Galaxy Note 9 th\u1ef1c s\u1ef1 l\u00e0 m\u1ed9t tuy\u1ec7t t\u00e1c \u0111\u00e1ng \u0111\u1ec3 tr\u1ea3i nghi\u1ec7m. V\u00e0 s\u1edf h\u1eefu thi\u1ebft k\u1ebf tinh t\u1ebf, sang tr\u1ecdng c\u0169ng nh\u01b0 ti\u1ec7n \u00edch tuy\u1ec7t v\u1eddi m\u00e0 n\u00f3 mang l\u1ea1i. Msmobile s\u1ebd \u0111\u00e1nh gi\u00e1 chi ti\u1ebft Samsung Galaxy Note 9. \u0110\u1ec3 mang \u0111\u1ebfn cho ng\u01b0\u1eddi d\u00f9ng c\u00e1i nh\u00ecn ch\u00e2n th\u1ef1c nh\u1ea5t v\u1ec1 s\u1ea3n ph\u1ea9m cao c\u1ea5p n\u00e0y.<\/span><\/p><p><span>Samsung Galaxy Note 9 h\u1ee9a h\u1eb9n s\u1ebd mang \u0111\u1ebfn s\u1ee9c m\u1ea1nh x\u1eed l\u00fd m\u1ea1nh m\u1ebd. Khi \u0111\u01b0\u1ee3c trang b\u1ecb chip Snapdragon 845 cho th\u1ecb tr\u01b0\u1eddng M\u1ef9 v\u00e0 Exynos 9810. \u0110\u1ed1i v\u1edbi s\u1ea3n ph\u1ea9m t\u1ea1i th\u1ecb tr\u01b0\u1eddng Ch\u00e2u \u00c1 ho\u1eb7c t\u1ea1i Vi\u1ec7t Nam. Ngo\u00e0i ra, Samsung \u0111\u00e3 t\u00f9y ch\u1ec9nh GPU \u0111\u1ec3 t\u1ed1i \u01b0u cho c\u00e1c t\u00e1c v\u1ee5 n\u1eb7ng nh\u01b0 ch\u01a1i game. \u0110a nhi\u1ec7m nhi\u1ec1u c\u1eeda s\u1ed5. Ngo\u00e0i ra, Note 9 c\u00f2n \u0111\u01b0\u1ee3c trang b\u1ecb h\u1ec7 th\u1ed1ng t\u1ea3n nhi\u1ec7t b\u1eb1ng ch\u1ea5t l\u1ecfng m\u1edbi gi\u00fap ng\u01b0\u1eddi d\u00f9ng kh\u00f4ng c\u00f2n ph\u1ea3i lo l\u1eafng v\u1ec1 t\u00ecnh tr\u1ea1ng qu\u00e1 nhi\u1ec7t. \u1ea2nh h\u01b0\u1edfng \u0111\u1ebfn hi\u1ec7u n\u0103ng v\u00e0 tu\u1ed5i th\u1ecd c\u1ee7a linh ki\u1ec7n. B\u00ean c\u1ea1nh c\u1ea5u h\u00ecnh m\u1ea1nh m\u1ebd h\u01a1n, Note9 c\u00f2n cung c\u1ea5p kh\u00f4ng gian l\u01b0u tr\u1eef c\u1ef1c l\u1edbn v\u1edbi t\u00f9y ch\u1ecdn b\u1ed9 nh\u1edb trong 512 GB. L\u1edbn h\u01a1n nhi\u1ec1u so v\u1edbi phi\u00ean b\u1ea3n b\u1ed9 nh\u1edb 256 GB c\u1ee7a Note 8.<\/span><\/p>\t\t\t\t\t\t<\/div>\n\t\t\t\t<\/div>\n\t\t\t\t\t<\/div>\n\t\t<\/div>\n\t\t\t\t\t<\/div>\n\t\t<\/section>\n\t\t\t\t<\/div>\n\t\t","protected":false},"excerpt":{"rendered":"<ul>\n<li><span><span>Thi\u1ebft k\u1ebf: M\u00e0n h\u00ecnh nguy\u00ean kh\u1ed1i, kh\u00f4ng vi\u1ec1n Infinity<\/span><\/span><\/li>\n<li><span><span>M\u00e0n h\u00ecnh: 6,4 inch 2960 x 1440 pixel<\/span><\/span><\/li>\n<li><span><span>Camera tr\u01b0\u1edbc: 8MP<\/span><\/span><\/li>\n<\/ul>\n","protected":false},"featured_media":221,"comment_status":"open","ping_status":"closed","template":"","meta":[],"product_cat":[53],"product_tag":[165],"class_list":{"0":"post-36","1":"product","2":"type-product","3":"status-publish","4":"has-post-thumbnail","6":"product_cat-dien-thoai","7":"product_tag-dien-thoai","10":"instock","11":"shipping-taxable","12":"purchasable","13":"product-type-simple"},"_links":{"self":[{"href":"https:\/\/8272.matbao.website\/index.php\/wp-json\/wp\/v2\/product\/36"}],"collection":[{"href":"https:\/\/8272.matbao.website\/index.php\/wp-json\/wp\/v2\/product"}],"about":[{"href":"https:\/\/8272.matbao.website\/index.php\/wp-json\/wp\/v2\/types\/product"}],"replies":[{"embeddable":true,"href":"https:\/\/8272.matbao.website\/index.php\/wp-json\/wp\/v2\/comments?post=36"}],"version-history":[{"count":5,"href":"https:\/\/8272.matbao.website\/index.php\/wp-json\/wp\/v2\/product\/36\/revisions"}],"predecessor-version":[{"id":10919,"href":"https:\/\/8272.matbao.website\/index.php\/wp-json\/wp\/v2\/product\/36\/revisions\/10919"}],"wp:featuredmedia":[{"embeddable":true,"href":"https:\/\/8272.matbao.website\/index.php\/wp-json\/wp\/v2\/media\/221"}],"wp:attachment":[{"href":"https:\/\/8272.matbao.website\/index.php\/wp-json\/wp\/v2\/media?parent=36"}],"wp:term":[{"taxonomy":"product_cat","embeddable":true,"href":"https:\/\/8272.matbao.website\/index.php\/wp-json\/wp\/v2\/product_cat?post=36"},{"taxonomy":"product_tag","embeddable":true,"href":"https:\/\/8272.matbao.website\/index.php\/wp-json\/wp\/v2\/product_tag?post=36"}],"curies":[{"name":"wp","href":"https:\/\/api.w.org\/{rel}","templated":true}]}}