{"id":382,"date":"2019-10-08T08:45:37","date_gmt":"2019-10-08T08:45:37","guid":{"rendered":"https:\/\/el7.thembaydev.com\/besa\/?page_id=382"},"modified":"2024-12-07T08:16:40","modified_gmt":"2024-12-07T08:16:40","slug":"gioi-thieu","status":"publish","type":"page","link":"https:\/\/8272.matbao.website\/index.php\/gioi-thieu\/","title":{"rendered":"Gi\u1edbi thi\u1ec7u"},"content":{"rendered":"\t\t<div data-elementor-type=\"wp-page\" data-elementor-id=\"382\" class=\"elementor elementor-382\">\n\t\t\t\t\t\t<section class=\"elementor-section elementor-top-section elementor-element elementor-element-bd0129a elementor-section-stretched elementor-section-boxed elementor-section-height-default elementor-section-height-default\" data-id=\"bd0129a\" data-element_type=\"section\" data-settings=\"{&quot;stretch_section&quot;:&quot;section-stretched&quot;,&quot;background_background&quot;:&quot;classic&quot;}\">\n\t\t\t\t\t\t<div class=\"elementor-container elementor-column-gap-no\">\n\t\t\t\t\t<div class=\"elementor-column elementor-col-100 elementor-top-column elementor-element elementor-element-0b5658f\" data-id=\"0b5658f\" data-element_type=\"column\" data-settings=\"{&quot;background_background&quot;:&quot;classic&quot;}\">\n\t\t\t<div class=\"elementor-widget-wrap elementor-element-populated\">\n\t\t\t\t\t\t<div class=\"elementor-element elementor-element-9693184 elementor-widget elementor-widget-besa-heading\" data-id=\"9693184\" data-element_type=\"widget\" data-widget_type=\"besa-heading.default\">\n\t\t\t\t<div class=\"elementor-widget-container\">\n\t\t\t\r\n<div class=\"tbay-element tbay-element-heading\">\r\n\t\t\t\t<h3 class=\"heading-tbay-title\">\r\n\t\t\t\t\t\t\t\t\t<span class=\"title\">Gi\u1edbi Thi\u1ec7u V\u1ec1 Shop Th\u1eddi Trang v\u00e0 Ph\u1ee5 Ki\u1ec7n C\u00f4ng Ngh\u1ec7<\/span>\r\n\t\t\t\t\t    \t\r\n\t\t\t\t\t\t\t<\/h3>\r\n\t\t<\/div>\t\t<\/div>\n\t\t\t\t<\/div>\n\t\t\t\t<div class=\"elementor-element elementor-element-7c2bafc elementor-widget elementor-widget-text-editor\" data-id=\"7c2bafc\" data-element_type=\"widget\" data-widget_type=\"text-editor.default\">\n\t\t\t\t<div class=\"elementor-widget-container\">\n\t\t\t\t\t\t\t<p>Trong th\u1eddi \u0111\u1ea1i hi\u1ec7n nay, nhu c\u1ea7u v\u1ec1 th\u1eddi trang v\u00e0 ph\u1ee5 ki\u1ec7n c\u00f4ng ngh\u1ec7 ng\u00e0y c\u00e0ng t\u0103ng cao, \u0111\u1eb7c bi\u1ec7t khi xu h\u01b0\u1edbng t\u00edch h\u1ee3p gi\u1eefa phong c\u00e1ch th\u1eddi trang v\u00e0 c\u00f4ng ngh\u1ec7 \u0111ang tr\u1edf th\u00e0nh m\u1ed9t ph\u1ea7n quan tr\u1ecdng trong cu\u1ed9c s\u1ed1ng h\u00e0ng ng\u00e0y. \u0110\u1ec3 \u0111\u00e1p \u1ee9ng nhu c\u1ea7u n\u00e0y, <strong>Shop Besa <\/strong>\u0111\u00e3 ra \u0111\u1eddi, l\u00e0 m\u1ed9t c\u1eeda h\u00e0ng chuy\u00ean cung c\u1ea5p c\u00e1c s\u1ea3n ph\u1ea9m th\u1eddi trang v\u00e0 ph\u1ee5 ki\u1ec7n c\u00f4ng ngh\u1ec7 ch\u1ea5t l\u01b0\u1ee3ng, mang \u0111\u1ebfn cho kh\u00e1ch h\u00e0ng nh\u1eefng tr\u1ea3i nghi\u1ec7m mua s\u1eafm tuy\u1ec7t v\u1eddi, ti\u1ec7n l\u1ee3i v\u00e0 phong c\u00e1ch.<\/p>\t\t\t\t\t\t<\/div>\n\t\t\t\t<\/div>\n\t\t\t\t<div class=\"elementor-element elementor-element-f2fcbc3 elementor-widget elementor-widget-besa-heading\" data-id=\"f2fcbc3\" data-element_type=\"widget\" data-widget_type=\"besa-heading.default\">\n\t\t\t\t<div class=\"elementor-widget-container\">\n\t\t\t\r\n<div class=\"tbay-element tbay-element-heading\">\r\n\t\t\t\t<h3 class=\"heading-tbay-title\">\r\n\t\t\t\t\t\t\t\t\t<span class=\"title\">S\u1ea3n Ph\u1ea9m Th\u1eddi Trang \u0110a D\u1ea1ng<\/span>\r\n\t\t\t\t\t    \t\r\n\t\t\t\t\t\t\t<\/h3>\r\n\t\t<\/div>\t\t<\/div>\n\t\t\t\t<\/div>\n\t\t\t\t<div class=\"elementor-element elementor-element-52fa266 elementor-widget elementor-widget-text-editor\" data-id=\"52fa266\" data-element_type=\"widget\" data-widget_type=\"text-editor.default\">\n\t\t\t\t<div class=\"elementor-widget-container\">\n\t\t\t\t\t\t\t<p>Cung c\u1ea5p m\u1ed9t b\u1ed9 s\u01b0u t\u1eadp \u0111a d\u1ea1ng c\u00e1c s\u1ea3n ph\u1ea9m th\u1eddi trang cho c\u1ea3 nam v\u00e0 n\u1eef, t\u1eeb nh\u1eefng b\u1ed9 trang ph\u1ee5c \u0111\u01a1n gi\u1ea3n, thanh l\u1ecbch cho \u0111\u1ebfn nh\u1eefng b\u1ed9 \u0111\u1ed3 n\u0103ng \u0111\u1ed9ng, tr\u1ebb trung, ph\u00f9 h\u1ee3p v\u1edbi nhi\u1ec1u l\u1ee9a tu\u1ed5i v\u00e0 phong c\u00e1ch kh\u00e1c nhau. T\u1ea5t c\u1ea3 c\u00e1c s\u1ea3n ph\u1ea9m \u0111\u1ec1u \u0111\u01b0\u1ee3c l\u1ef1a ch\u1ecdn k\u1ef9 l\u01b0\u1ee1ng \u0111\u1ec3 \u0111\u1ea3m b\u1ea3o t\u00ednh th\u1eddi th\u01b0\u1ee3ng, ch\u1ea5t li\u1ec7u tho\u1ea3i m\u00e1i v\u00e0 b\u1ec1n b\u1ec9.<\/p><p>C\u00e1c m\u1eabu qu\u1ea7n \u00e1o t\u1eeb Besa kh\u00f4ng ch\u1ec9 h\u1ee3p xu h\u01b0\u1edbng m\u00e0 c\u00f2n d\u1ec5 d\u00e0ng ph\u1ed1i h\u1ee3p v\u1edbi nhi\u1ec1u lo\u1ea1i ph\u1ee5 ki\u1ec7n, mang l\u1ea1i cho kh\u00e1ch h\u00e0ng s\u1ef1 t\u1ef1 tin v\u00e0 phong c\u00e1ch ri\u00eang. B\u00ean c\u1ea1nh qu\u1ea7n \u00e1o, shop c\u0169ng cung c\u1ea5p nhi\u1ec1u m\u1eabu gi\u00e0y d\u00e9p th\u1eddi trang, t\u1eeb gi\u00e0y th\u1ec3 thao, gi\u00e0y cao g\u00f3t, cho \u0111\u1ebfn gi\u00e0y b\u1ec7t, t\u1ea5t c\u1ea3 \u0111\u1ec1u \u0111\u01b0\u1ee3c ch\u1ecdn l\u1ecdc t\u1eeb c\u00e1c th\u01b0\u01a1ng hi\u1ec7u uy t\u00edn.<\/p>\t\t\t\t\t\t<\/div>\n\t\t\t\t<\/div>\n\t\t\t\t<div class=\"elementor-element elementor-element-c531d2c elementor-widget elementor-widget-video\" data-id=\"c531d2c\" data-element_type=\"widget\" data-settings=\"{&quot;youtube_url&quot;:&quot;https:\\\/\\\/www.youtube.com\\\/watch?v=XHOmBV4js_E&quot;,&quot;video_type&quot;:&quot;youtube&quot;,&quot;controls&quot;:&quot;yes&quot;}\" data-widget_type=\"video.default\">\n\t\t\t\t<div class=\"elementor-widget-container\">\n\t\t\t\t\t<div class=\"elementor-wrapper elementor-open-inline\">\n\t\t\t<div class=\"elementor-video\"><\/div>\t\t<\/div>\n\t\t\t\t<\/div>\n\t\t\t\t<\/div>\n\t\t\t\t<div class=\"elementor-element elementor-element-6f1e7df elementor-widget elementor-widget-text-editor\" data-id=\"6f1e7df\" data-element_type=\"widget\" data-widget_type=\"text-editor.default\">\n\t\t\t\t<div class=\"elementor-widget-container\">\n\t\t\t\t\t\t\t<p><strong>T\u00fai X\u00e1ch v\u00e0 Ph\u1ee5 Ki\u1ec7n Th\u1eddi Trang<\/strong><\/p>\t\t\t\t\t\t<\/div>\n\t\t\t\t<\/div>\n\t\t\t\t<div class=\"elementor-element elementor-element-97e5227 elementor-widget elementor-widget-text-editor\" data-id=\"97e5227\" data-element_type=\"widget\" data-widget_type=\"text-editor.default\">\n\t\t\t\t<div class=\"elementor-widget-container\">\n\t\t\t\t\t\t\t<p>Ngo\u00e0i ra, shop c\u0169ng c\u00f3 c\u00e1c ph\u1ee5 ki\u1ec7n th\u1eddi trang kh\u00e1c nh\u01b0 k\u00ednh m\u1eaft, \u0111\u1ed3ng h\u1ed3, th\u1eaft l\u01b0ng, kh\u0103n qu\u00e0ng c\u1ed5 v\u00e0 nhi\u1ec1u m\u00f3n \u0111\u1ed3 nh\u1ecf xinh kh\u00e1c. M\u1ed7i s\u1ea3n ph\u1ea9m \u0111\u1ec1u \u0111\u01b0\u1ee3c l\u1ef1a ch\u1ecdn t\u1ec9 m\u1ec9, gi\u00fap kh\u00e1ch h\u00e0ng d\u1ec5 d\u00e0ng ho\u00e0n thi\u1ec7n phong c\u00e1ch c\u00e1 nh\u00e2n c\u1ee7a m\u00ecnh.<\/p>\t\t\t\t\t\t<\/div>\n\t\t\t\t<\/div>\n\t\t\t\t<div class=\"elementor-element elementor-element-1c4c29c elementor-widget elementor-widget-besa-our-team\" data-id=\"1c4c29c\" data-element_type=\"widget\" data-widget_type=\"besa-our-team.default\">\n\t\t\t\t<div class=\"elementor-widget-container\">\n\t\t\t\r\n<div class=\"tbay-element tbay-element-our-team\">\r\n    \t\t\t<h3 class=\"heading-tbay-title\">\r\n\t\t\t\t\t\t\t\t\t<span class=\"title\">D\u1ecbch V\u1ee5 Kh\u00e1ch H\u00e0ng T\u1eadn T\u00e2m<\/span>\r\n\t\t\t\t\t    \t\r\n\t\t\t\t\t\t\t\t\t<span class=\"subtitle\">\u0110\u1ed9i ng\u0169 nh\u00e2n vi\u00ean c\u1ee7a shop lu\u00f4n s\u1eb5n s\u00e0ng l\u1eafng nghe v\u00e0 gi\u1ea3i \u0111\u00e1p m\u1ecdi th\u1eafc m\u1eafc c\u1ee7a kh\u00e1ch h\u00e0ng m\u1ed9t c\u00e1ch nhi\u1ec7t t\u00ecnh v\u00e0 chuy\u00ean nghi\u1ec7p.<\/span>\r\n\t\t\t\t\t\t\t<\/h3>\r\n\t\t\r\n    <div class=\"our-team row grid\" data-xlgdesktop=\"4\" data-desktop=\"4\" data-desktopsmall=\"4\" data-tablet=\"3\" data-landscape=\"2\" data-mobile=\"2\">\r\n                \r\n            <div class=\"item\">\r\n                 \r\n        <div class=\"inner\"> \r\n           \r\n            <div class=\"our-team-content\">\r\n                <img fetchpriority=\"high\" decoding=\"async\" width=\"400\" height=\"400\" src=\"https:\/\/8272.matbao.website\/wp-content\/uploads\/2024\/12\/mbws-avatar-5.jpg\" class=\"attachment-full size-full\" alt=\"\" \/>                <ul class=\"social-link\">\r\n                                                                                    <li>\r\n                                        <a href=\"#\">\r\n                                            <i class=\"icons icon-social-facebook\"><\/i>\r\n                                        <\/a>\r\n                                    <\/li>\r\n                                                                                                                        <li>\r\n                                        <a href=\"#\">\r\n                                            <i class=\"icons icon-social-twitter\"><\/i>\r\n                                        <\/a>\r\n                                    <\/li>\r\n                                                                                                                        <li>\r\n                                        <a href=\"#\">\r\n                                            <i class=\"icons icon-social-google\"><\/i>\r\n                                        <\/a>\r\n                                    <\/li>\r\n                                                                                                                                                                            <li>\r\n                                        <a href=\"#\">\r\n                                            <i class=\"icons icon-social-instagram\"><\/i>\r\n                                        <\/a>\r\n                                    <\/li>\r\n                                                                        <\/ul>\r\n            <\/div>\r\n            <div class=\"info\">\r\n                    <h3 class=\"name-team\">\r\n                        H\u1ed3ng H\u1ea1nh                    <\/h3>\r\n                    <p class=\"job\">\r\n                        Qu\u1ea3n l\u00fd c\u1eeda h\u00e0ng                    <\/p>    \r\n                <\/div>\r\n        <\/div>\r\n                    <\/div>\r\n\r\n                \r\n            <div class=\"item\">\r\n                 \r\n        <div class=\"inner\"> \r\n           \r\n            <div class=\"our-team-content\">\r\n                <img decoding=\"async\" width=\"400\" height=\"400\" src=\"https:\/\/8272.matbao.website\/wp-content\/uploads\/2024\/12\/mbws-avatar-2.jpg\" class=\"attachment-full size-full\" alt=\"\" \/>                <ul class=\"social-link\">\r\n                                                                                    <li>\r\n                                        <a href=\"#\">\r\n                                            <i class=\"icons icon-social-facebook\"><\/i>\r\n                                        <\/a>\r\n                                    <\/li>\r\n                                                                                                                        <li>\r\n                                        <a href=\"#\">\r\n                                            <i class=\"icons icon-social-twitter\"><\/i>\r\n                                        <\/a>\r\n                                    <\/li>\r\n                                                                                                                        <li>\r\n                                        <a href=\"#\">\r\n                                            <i class=\"icons icon-social-google\"><\/i>\r\n                                        <\/a>\r\n                                    <\/li>\r\n                                                                                                                                                                            <li>\r\n                                        <a href=\"#\">\r\n                                            <i class=\"icons icon-social-instagram\"><\/i>\r\n                                        <\/a>\r\n                                    <\/li>\r\n                                                                        <\/ul>\r\n            <\/div>\r\n            <div class=\"info\">\r\n                    <h3 class=\"name-team\">\r\n                        Tu\u1ea5n T\u00fa                    <\/h3>\r\n                    <p class=\"job\">\r\n                        Tr\u01b0\u1edfng ph\u00f2ng h\u1ed7 tr\u1ee3 k\u1ef9 thu\u1eadt                    <\/p>    \r\n                <\/div>\r\n        <\/div>\r\n                    <\/div>\r\n\r\n                \r\n            <div class=\"item\">\r\n                 \r\n        <div class=\"inner\"> \r\n           \r\n            <div class=\"our-team-content\">\r\n                <img decoding=\"async\" width=\"400\" height=\"400\" src=\"https:\/\/8272.matbao.website\/wp-content\/uploads\/2024\/12\/mbws-avatar-3.jpg\" class=\"attachment-full size-full\" alt=\"\" \/>                <ul class=\"social-link\">\r\n                                                                                    <li>\r\n                                        <a href=\"#\">\r\n                                            <i class=\"icons icon-social-facebook\"><\/i>\r\n                                        <\/a>\r\n                                    <\/li>\r\n                                                                                                                        <li>\r\n                                        <a href=\"#\">\r\n                                            <i class=\"icons icon-social-twitter\"><\/i>\r\n                                        <\/a>\r\n                                    <\/li>\r\n                                                                                                                        <li>\r\n                                        <a href=\"#\">\r\n                                            <i class=\"icons icon-social-google\"><\/i>\r\n                                        <\/a>\r\n                                    <\/li>\r\n                                                                                                                                                                            <li>\r\n                                        <a href=\"#\">\r\n                                            <i class=\"icons icon-social-instagram\"><\/i>\r\n                                        <\/a>\r\n                                    <\/li>\r\n                                                                        <\/ul>\r\n            <\/div>\r\n            <div class=\"info\">\r\n                    <h3 class=\"name-team\">\r\n                        Y\u1ebfn Nhi                    <\/h3>\r\n                    <p class=\"job\">\r\n                        NV Ch\u0103m s\u00f3c kh\u00e1ch h\u00e0ng                    <\/p>    \r\n                <\/div>\r\n        <\/div>\r\n                    <\/div>\r\n\r\n                \r\n            <div class=\"item\">\r\n                 \r\n        <div class=\"inner\"> \r\n           \r\n            <div class=\"our-team-content\">\r\n                <img loading=\"lazy\" decoding=\"async\" width=\"400\" height=\"400\" src=\"https:\/\/8272.matbao.website\/wp-content\/uploads\/2024\/12\/mbws-avatar-1.jpg\" class=\"attachment-full size-full\" alt=\"\" \/>                <ul class=\"social-link\">\r\n                                                                                    <li>\r\n                                        <a href=\"#\">\r\n                                            <i class=\"icons icon-social-facebook\"><\/i>\r\n                                        <\/a>\r\n                                    <\/li>\r\n                                                                                                                        <li>\r\n                                        <a href=\"#\">\r\n                                            <i class=\"icons icon-social-twitter\"><\/i>\r\n                                        <\/a>\r\n                                    <\/li>\r\n                                                                                                                        <li>\r\n                                        <a href=\"#\">\r\n                                            <i class=\"icons icon-social-google\"><\/i>\r\n                                        <\/a>\r\n                                    <\/li>\r\n                                                                                                                                                                            <li>\r\n                                        <a href=\"#\">\r\n                                            <i class=\"icons icon-social-instagram\"><\/i>\r\n                                        <\/a>\r\n                                    <\/li>\r\n                                                                        <\/ul>\r\n            <\/div>\r\n            <div class=\"info\">\r\n                    <h3 class=\"name-team\">\r\n                        Thu H\u00e0                    <\/h3>\r\n                    <p class=\"job\">\r\n                        NV T\u01b0 v\u1ea5n s\u1ea3n ph\u1ea9m                    <\/p>    \r\n                <\/div>\r\n        <\/div>\r\n                    <\/div>\r\n\r\n            <\/div>\r\n<\/div>\t\t<\/div>\n\t\t\t\t<\/div>\n\t\t\t\t<div class=\"elementor-element elementor-element-25c2815 elementor-widget elementor-widget-besa-heading\" data-id=\"25c2815\" data-element_type=\"widget\" data-widget_type=\"besa-heading.default\">\n\t\t\t\t<div class=\"elementor-widget-container\">\n\t\t\t\r\n<div class=\"tbay-element tbay-element-heading\">\r\n\t\t\t\t<h3 class=\"heading-tbay-title\">\r\n\t\t\t\t\t\t\t\t\t<span class=\"title\">Mua S\u1eafm Online D\u1ec5 D\u00e0ng<\/span>\r\n\t\t\t\t\t    \t\r\n\t\t\t\t\t\t\t\t\t<span class=\"subtitle\">Kh\u00e1ch h\u00e0ng ch\u1ec9 c\u1ea7n truy c\u1eadp v\u00e0o trang web ho\u1eb7c \u1ee9ng d\u1ee5ng, l\u1ef1a ch\u1ecdn s\u1ea3n ph\u1ea9m y\u00eau th\u00edch, \u0111\u1eb7t h\u00e0ng v\u00e0 thanh to\u00e1n tr\u1ef1c tuy\u1ebfn. Shop c\u0169ng cung c\u1ea5p nhi\u1ec1u ph\u01b0\u01a1ng th\u1ee9c thanh to\u00e1n linh ho\u1ea1t nh\u01b0 th\u1ebb t\u00edn d\u1ee5ng, chuy\u1ec3n kho\u1ea3n ho\u1eb7c thanh to\u00e1n khi nh\u1eadn h\u00e0ng.<\/span>\r\n\t\t\t\t\t\t\t<\/h3>\r\n\t\t<\/div>\t\t<\/div>\n\t\t\t\t<\/div>\n\t\t\t\t<div class=\"elementor-element elementor-element-e0baf7b elementor-widget elementor-widget-besa-button\" data-id=\"e0baf7b\" data-element_type=\"widget\" data-widget_type=\"besa-button.default\">\n\t\t\t\t<div class=\"elementor-widget-container\">\n\t\t\t<div class=\"tbay-element tbay-element-button\">\r\n                <a href=\"https:\/\/8272.matbao.website\/index.php\/lien-he\/\"  class=\"tbay-btn-theme btn-theme\">Li\u00ean h\u1ec7                            <\/a>\r\n        <\/div>\t\t<\/div>\n\t\t\t\t<\/div>\n\t\t\t\t\t<\/div>\n\t\t<\/div>\n\t\t\t\t\t<\/div>\n\t\t<\/section>\n\t\t\t\t<\/div>\n\t\t","protected":false},"excerpt":{"rendered":"<p>Gi\u1edbi Thi\u1ec7u V\u1ec1 Shop Th\u1eddi Trang v\u00e0 Ph\u1ee5 Ki\u1ec7n C\u00f4ng Ngh\u1ec7 Trong th\u1eddi \u0111\u1ea1i hi\u1ec7n nay, nhu c\u1ea7u v\u1ec1 th\u1eddi trang v\u00e0 ph\u1ee5 ki\u1ec7n c\u00f4ng ngh\u1ec7 ng\u00e0y c\u00e0ng t\u0103ng cao, \u0111\u1eb7c bi\u1ec7t khi xu h\u01b0\u1edbng t\u00edch h\u1ee3p gi\u1eefa phong c\u00e1ch th\u1eddi trang v\u00e0 c\u00f4ng ngh\u1ec7 \u0111ang tr\u1edf th\u00e0nh m\u1ed9t ph\u1ea7n quan tr\u1ecdng trong cu\u1ed9c s\u1ed1ng &hellip; <a href=\"https:\/\/8272.matbao.website\/index.php\/gioi-thieu\/\" class=\"more-link\">Continue reading <span class=\"screen-reader-text\">Gi\u1edbi thi\u1ec7u<\/span><\/a><\/p>\n","protected":false},"author":1,"featured_media":0,"parent":0,"menu_order":0,"comment_status":"closed","ping_status":"closed","template":"","meta":{"footnotes":""},"class_list":["post-382","page","type-page","status-publish","hentry"],"_links":{"self":[{"href":"https:\/\/8272.matbao.website\/index.php\/wp-json\/wp\/v2\/pages\/382"}],"collection":[{"href":"https:\/\/8272.matbao.website\/index.php\/wp-json\/wp\/v2\/pages"}],"about":[{"href":"https:\/\/8272.matbao.website\/index.php\/wp-json\/wp\/v2\/types\/page"}],"author":[{"embeddable":true,"href":"https:\/\/8272.matbao.website\/index.php\/wp-json\/wp\/v2\/users\/1"}],"replies":[{"embeddable":true,"href":"https:\/\/8272.matbao.website\/index.php\/wp-json\/wp\/v2\/comments?post=382"}],"version-history":[{"count":5,"href":"https:\/\/8272.matbao.website\/index.php\/wp-json\/wp\/v2\/pages\/382\/revisions"}],"predecessor-version":[{"id":11069,"href":"https:\/\/8272.matbao.website\/index.php\/wp-json\/wp\/v2\/pages\/382\/revisions\/11069"}],"wp:attachment":[{"href":"https:\/\/8272.matbao.website\/index.php\/wp-json\/wp\/v2\/media?parent=382"}],"curies":[{"name":"wp","href":"https:\/\/api.w.org\/{rel}","templated":true}]}}